{"id":294,"date":"2026-01-31T02:09:55","date_gmt":"2026-01-31T02:09:55","guid":{"rendered":"https:\/\/globalnest.com.tr\/?page_id=294"},"modified":"2026-01-31T02:11:10","modified_gmt":"2026-01-31T02:11:10","slug":"dil-okulu","status":"publish","type":"page","link":"https:\/\/globalnest.com.tr\/?page_id=294","title":{"rendered":"Dil Okulu"},"content":{"rendered":"\n<p>D\u00fcnyan\u0131n En Pop\u00fcler Dil Okulu Destinasyonlar\u0131<br>Yurt d\u0131\u015f\u0131nda dil e\u011fitimi almak, \u0130ngilizceyi sadece s\u0131n\u0131fta de\u011fil g\u00fcnl\u00fck hayat\u0131n i\u00e7inde \u00f6\u011frenme f\u0131rsat\u0131 sunar. \u0130ngiltere\u2019nin k\u00f6kl\u00fc e\u011fitim gelene\u011finden Malta\u2019n\u0131n enerjik ada ya\u015fam\u0131na, \u0130rlanda\u2019n\u0131n samimi atmosferinden Amerika\u2019n\u0131n dinamik \u015fehirlerine, Kanada\u2019n\u0131n g\u00fcvenli ve \u00f6\u011frenci dostu yap\u0131s\u0131ndan Avustralya\u2019n\u0131n rahat ya\u015fam tarz\u0131na ve Dubai\u2019nin uluslararas\u0131 atmosferine kadar her destinasyon farkl\u0131 bir deneyim sunar.<br>Dil okulu programlar\u0131; konu\u015fma prati\u011fini art\u0131ran interaktif dersler, k\u00fclt\u00fcrel geziler ve \u00e7ok uluslu \u00f6\u011frenci ortam\u0131yla dil geli\u015fimini h\u0131zland\u0131r\u0131rken ayn\u0131 zamanda unutulmaz bir ya\u015fam tecr\u00fcbesi kazand\u0131r\u0131r. Hedefiniz ister akademik ilerleme ister kariyer geli\u015fimi ya da ki\u015fisel geli\u015fim olsun, sizin i\u00e7in en do\u011fru \u00fclke ve okul se\u00e7imini birlikte planl\u0131yoruz.<\/p>\n\n\n\n<p>\u0130ngiltere\u2019de Dil E\u011fitimi<br>\u0130ngiltere, \u0130ngilizcenin do\u011fdu\u011fu yer olarak dili en do\u011fal haliyle \u00f6\u011frenmek isteyenler i\u00e7in g\u00fc\u00e7l\u00fc bir se\u00e7enektir. Londra\u2019dan daha sakin sahil \u015fehirlerine kadar farkl\u0131 ya\u015fam tarzlar\u0131na hitap eden pek \u00e7ok \u015fehir alternatifi sunar. Burada dil e\u011fitimi almak, \u00f6\u011frencilerin farkl\u0131 aksanlar\u0131 duyarak ger\u00e7ek hayatta kullan\u0131lan \u0130ngilizceye maruz kalmas\u0131n\u0131 sa\u011flar. Tarihi atmosfer, k\u00fclt\u00fcrel zenginlik ve uluslararas\u0131 \u00f6\u011frenci ortam\u0131 sayesinde \u00f6\u011frenme s\u00fcreci s\u0131n\u0131f\u0131n d\u0131\u015f\u0131na ta\u015far ve g\u00fcnl\u00fck ya\u015fam\u0131n do\u011fal bir par\u00e7as\u0131 haline gelir.<\/p>\n\n\n\n<p>Kimler i\u00e7in ideal?<br>Akademik hedefleri olanlar, British aksan\u0131na maruz kalmak isteyenler ve k\u00f6kl\u00fc e\u011fitim kurumlar\u0131nda okumay\u0131 hedefleyen \u00f6\u011frenciler i\u00e7in uygundur.<\/p>\n\n\n\n<p>\u00c7al\u0131\u015fma izni: Dil okulu \u00f6\u011frencileri i\u00e7in \u00e7al\u0131\u015fma izni bulunmamaktad\u0131r.<\/p>\n\n\n\n<p>\u0130rlanda\u2019da Dil E\u011fitimi<br>\u0130rlanda, s\u0131cakkanl\u0131 insanlar\u0131 ve g\u00fcvenli ya\u015fam ortam\u0131yla \u00f6\u011frencilerin kendini rahat hissetti\u011fi bir \u00fclkedir. \u00d6zellikle Dublin, gen\u00e7 ve dinamik yap\u0131s\u0131yla e\u011fitim s\u00fcrecini sosyal hayatla dengeli \u015fekilde birle\u015ftirme f\u0131rsat\u0131 sunar. \u0130rlanda\u2019da dil e\u011fitimi almak, \u00f6\u011frencilerin pratik yapmaktan \u00e7ekinmedi\u011fi samimi bir k\u00fclt\u00fcr i\u00e7inde dili daha ak\u0131c\u0131 kullanmas\u0131n\u0131 sa\u011flar. Uzun d\u00f6nem \u00f6\u011frenciler i\u00e7in sunulan yar\u0131 zamanl\u0131 \u00e7al\u0131\u015fma izni de dili ger\u00e7ek i\u015f ortam\u0131nda geli\u015ftirme avantaj\u0131 sunar.<\/p>\n\n\n\n<p>Kimler i\u00e7in ideal?<br>Hem e\u011fitim al\u0131p hem \u00e7al\u0131\u015fma deneyimi kazanmak isteyenler ve samimi, sosyal bir ortam arayan \u00f6\u011frenciler i\u00e7in uygundur.<\/p>\n\n\n\n<p>\u00c7al\u0131\u015fma izni: Uzun d\u00f6nem (25 hafta ve \u00fczeri) dil e\u011fitimi alan \u00f6\u011frenciler i\u00e7in yasal \u00e7al\u0131\u015fma izni bulunmaktad\u0131r.<\/p>\n\n\n\n<p>Malta\u2019da Dil E\u011fitimi<br>Malta, Akdeniz iklimi ve uygun ya\u015fam maliyetleri ile dil \u00f6\u011frenimini daha keyifli hale getiren bir destinasyondur. K\u00fc\u00e7\u00fck bir ada \u00fclkesi olmas\u0131 sayesinde \u00f6\u011frenciler k\u0131sa s\u00fcrede sosyal \u00e7evre edinebilir. Burada dil e\u011fitimi almak, ders d\u0131\u015f\u0131nda da s\u00fcrekli \u0130ngilizce konu\u015fulan bir ortamda bulunmay\u0131 kolayla\u015ft\u0131r\u0131r. \u00d6zellikle konu\u015fma prati\u011fini art\u0131rmak ve rahat bir atmosferde \u00f6\u011frenmek isteyenler i\u00e7in idealdir.<\/p>\n\n\n\n<p>Kimler i\u00e7in ideal?<br>Daha ekonomik bir se\u00e7enek arayanlar, yaz d\u00f6neminde e\u011fitim almak isteyenler ve sosyal bir ortamda konu\u015fma prati\u011fini geli\u015ftirmek isteyenler i\u00e7in uygundur.<\/p>\n\n\n\n<p>\u00c7al\u0131\u015fma izni: Uzun d\u00f6nem dil e\u011fitimi alan \u00f6\u011frenciler belirli \u015fartlarla part-time \u00e7al\u0131\u015fma iznine ba\u015fvurabilir.<\/p>\n\n\n\n<p>Amerika\u2019da Dil E\u011fitimi<br>Amerika, farkl\u0131 k\u00fclt\u00fcrleri bir arada bar\u0131nd\u0131ran yap\u0131s\u0131yla dili k\u00fcresel bir ba\u011flamda \u00f6\u011frenme f\u0131rsat\u0131 sunar. New York, Los Angeles ve Boston gibi \u015fehirler farkl\u0131 ya\u015fam deneyimleri sa\u011flar. Amerika\u2019da dil e\u011fitimi almak, \u00f6\u011frencilerin \u0130ngilizceyi akademik, sosyal ve profesyonel ortamlarda aktif kullanmas\u0131n\u0131 destekler. \u00d6zellikle \u00fcniversite hedefi olan \u00f6\u011frenciler i\u00e7in akademik \u0130ngilizceye ge\u00e7i\u015f a\u00e7\u0131s\u0131ndan g\u00fc\u00e7l\u00fc bir ad\u0131md\u0131r.<\/p>\n\n\n\n<p>Kimler i\u00e7in ideal?<br>\u00dcniversite plan\u0131 olanlar, kamp\u00fcs deneyimi ya\u015famak isteyenler ve Amerikan k\u00fclt\u00fcr\u00fcn\u00fc deneyimlemek isteyen \u00f6\u011frenciler i\u00e7in uygundur.<\/p>\n\n\n\n<p>\u00c7al\u0131\u015fma izni: Dil okulu (F-1 dil program\u0131) \u00f6\u011frencileri i\u00e7in genel \u00e7al\u0131\u015fma izni bulunmamaktad\u0131r.<\/p>\n\n\n\n<p>Kanada\u2019da Dil E\u011fitimi<br>Kanada, g\u00fcvenli ya\u015fam ko\u015fullar\u0131 ve y\u00fcksek e\u011fitim standartlar\u0131 ile \u00f6ne \u00e7\u0131kar. \u00c7ok k\u00fclt\u00fcrl\u00fc yap\u0131s\u0131 sayesinde uluslararas\u0131 \u00f6\u011frenciler kolay uyum sa\u011flar. Kanada\u2019da dil e\u011fitimi almak, sakin ve d\u00fczenli bir ortamda odaklanarak dili sa\u011flam temellerle geli\u015ftirme f\u0131rsat\u0131 sunar. \u00d6zellikle uzun d\u00f6nem akademik hedefleri olan \u00f6\u011frenciler i\u00e7in pathway ve haz\u0131rl\u0131k programlar\u0131 \u00f6nemli avantaj sa\u011flar.<\/p>\n\n\n\n<p>Kimler i\u00e7in ideal?<br>G\u00fcvenli ve d\u00fczenli bir \u00fclkede e\u011fitim almak isteyenler ve uzun d\u00f6nem akademik plan\u0131 olan \u00f6\u011frenciler i\u00e7in uygundur.<\/p>\n\n\n\n<p>\u00c7al\u0131\u015fma izni: Dil okulu \u00f6\u011frencileri i\u00e7in \u00e7al\u0131\u015fma izni bulunmamaktad\u0131r.<\/p>\n\n\n\n<p>Avustralya\u2019da Dil E\u011fitimi<br>Avustralya, kaliteli dil okullar\u0131 ve y\u00fcksek ya\u015fam standartlar\u0131yla dikkat \u00e7eker. Sidney, Melbourne ve Brisbane gibi \u015fehirler modern ya\u015fam ile do\u011fay\u0131 bir arada sunar. Burada dil e\u011fitimi almak, \u00f6\u011frencilerin dili hem sosyal hem de i\u015f hayat\u0131nda aktif kullanmas\u0131n\u0131 sa\u011flar. Uzun d\u00f6nem \u00f6\u011frencilere sunulan \u00e7al\u0131\u015fma izni, dili ger\u00e7ek hayat deneyimiyle peki\u015ftirme imk\u00e2n\u0131 sunar.<\/p>\n\n\n\n<p>Kimler i\u00e7in ideal?<br>Hem okuyup hem \u00e7al\u0131\u015fmak isteyenler, enerjik \u015fehir ya\u015fam\u0131n\u0131 sevenler ve uzun s\u00fcreli yurtd\u0131\u015f\u0131 deneyimi hedefleyen \u00f6\u011frenciler i\u00e7in uygundur.<\/p>\n\n\n\n<p>\u00c7al\u0131\u015fma izni: Dil e\u011fitimi alan \u00f6\u011frenciler i\u00e7in vize t\u00fcr\u00fcne ba\u011fl\u0131 olarak s\u0131n\u0131rl\u0131 saatlerde \u00e7al\u0131\u015fma izni bulunmaktad\u0131r.<\/p>\n\n\n\n<p>Dubai\u2019de Dil E\u011fitimi<br>Dubai, uluslararas\u0131 yap\u0131s\u0131 sayesinde \u0130ngilizcenin g\u00fcnl\u00fck ya\u015fam\u0131n \u00f6nemli bir par\u00e7as\u0131 oldu\u011fu modern bir \u015fehirdir. G\u00fcvenli ortam\u0131 ve geli\u015fmi\u015f altyap\u0131s\u0131 ile konforlu bir e\u011fitim s\u00fcreci sunar. Dubai\u2019de dil e\u011fitimi almak, \u00f6\u011frencilerin farkl\u0131 milletlerden insanlarla ileti\u015fim kurarak \u0130ngilizceyi k\u00fcresel bir ileti\u015fim dili olarak kullanmas\u0131n\u0131 sa\u011flar. Ayn\u0131 zamanda k\u0131sa ve yo\u011fun programlar i\u00e7in de pratik bir merkezdir.<\/p>\n\n\n\n<p>Kimler i\u00e7in ideal?<br>K\u0131sa s\u00fcreli programlarda e\u011fitim + \u015fehir deneyimi odakl\u0131 olanlar; uzun d\u00f6nem planlay\u0131p hem \u00f6\u011frenip hem deneyim kazanmak isteyenler i\u00e7in uygundur<\/p>\n\n\n\n<p>\u00c7al\u0131\u015fma izni: Uzun d\u00f6nem \u00f6\u011frenci vizesiyle ve gerekli izin ba\u015fvurular\u0131n\u0131 tamamlad\u0131\u011f\u0131nda, dil e\u011fitimi s\u0131ras\u0131nda haftal\u0131k belirli saatlerde part-time \u00e7al\u0131\u015fma imk\u00e2n\u0131 olabilir.<\/p>\n","protected":false},"excerpt":{"rendered":"<p>D\u00fcnyan\u0131n En Pop\u00fcler Dil Okulu Destinasyonlar\u0131Yurt d\u0131\u015f\u0131nda dil e\u011fitimi almak, \u0130ngilizceyi sadece s\u0131n\u0131fta de\u011fil g\u00fcnl\u00fck hayat\u0131n i\u00e7inde \u00f6\u011frenme f\u0131rsat\u0131 sunar. \u0130ngiltere\u2019nin k\u00f6kl\u00fc e\u011fitim gelene\u011finden Malta\u2019n\u0131n enerjik ada ya\u015fam\u0131na, \u0130rlanda\u2019n\u0131n samimi atmosferinden Amerika\u2019n\u0131n dinamik \u015fehirlerine, Kanada\u2019n\u0131n g\u00fcvenli ve \u00f6\u011frenci dostu yap\u0131s\u0131ndan Avustralya\u2019n\u0131n rahat ya\u015fam tarz\u0131na ve Dubai\u2019nin uluslararas\u0131 atmosferine kadar her destinasyon farkl\u0131 bir deneyim sunar.Dil [&hellip;]<\/p>\n","protected":false},"author":1,"featured_media":0,"parent":0,"menu_order":0,"comment_status":"closed","ping_status":"closed","template":"","meta":{"footnotes":""},"class_list":["post-294","page","type-page","status-publish","hentry"],"_links":{"self":[{"href":"https:\/\/globalnest.com.tr\/index.php?rest_route=\/wp\/v2\/pages\/294","targetHints":{"allow":["GET"]}}],"collection":[{"href":"https:\/\/globalnest.com.tr\/index.php?rest_route=\/wp\/v2\/pages"}],"about":[{"href":"https:\/\/globalnest.com.tr\/index.php?rest_route=\/wp\/v2\/types\/page"}],"author":[{"embeddable":true,"href":"https:\/\/globalnest.com.tr\/index.php?rest_route=\/wp\/v2\/users\/1"}],"replies":[{"embeddable":true,"href":"https:\/\/globalnest.com.tr\/index.php?rest_route=%2Fwp%2Fv2%2Fcomments&post=294"}],"version-history":[{"count":2,"href":"https:\/\/globalnest.com.tr\/index.php?rest_route=\/wp\/v2\/pages\/294\/revisions"}],"predecessor-version":[{"id":345,"href":"https:\/\/globalnest.com.tr\/index.php?rest_route=\/wp\/v2\/pages\/294\/revisions\/345"}],"wp:attachment":[{"href":"https:\/\/globalnest.com.tr\/index.php?rest_route=%2Fwp%2Fv2%2Fmedia&parent=294"}],"curies":[{"name":"wp","href":"https:\/\/api.w.org\/{rel}","templated":true}]}}